{"id":1958,"date":"2026-03-17T17:32:32","date_gmt":"2026-03-17T16:32:32","guid":{"rendered":"https:\/\/mattmartin.fr\/?page_id=1958"},"modified":"2026-03-18T10:07:42","modified_gmt":"2026-03-18T09:07:42","slug":"questions-frequentes","status":"publish","type":"page","link":"https:\/\/mattmartin.fr\/index.php\/questions-frequentes\/","title":{"rendered":"Foire Aux Questions"},"content":{"rendered":"\t\t<div data-elementor-type=\"wp-page\" data-elementor-id=\"1958\" class=\"elementor elementor-1958\">\n\t\t\t\t<div class=\"elementor-element elementor-element-672f28c e-flex e-con-boxed e-con e-parent\" data-id=\"672f28c\" data-element_type=\"container\" data-e-type=\"container\">\n\t\t\t\t\t<div class=\"e-con-inner\">\n\t\t\t\t<div class=\"elementor-element elementor-element-071954a elementor-widget elementor-widget-heading\" data-id=\"071954a\" data-element_type=\"widget\" data-e-type=\"widget\" data-widget_type=\"heading.default\">\n\t\t\t\t<div class=\"elementor-widget-container\">\n\t\t\t\t\t<h1 class=\"elementor-heading-title elementor-size-default\"><span style=\"--Ys-XuQ: none;font-weight: 700;font-style: normal\">Sous combien de temps re\u00e7evons-nous le film ?<\/span><\/h1>\t\t\t\t<\/div>\n\t\t\t\t<\/div>\n\t\t\t\t<div class=\"elementor-element elementor-element-979e0a6 elementor-widget elementor-widget-text-editor\" data-id=\"979e0a6\" data-element_type=\"widget\" data-e-type=\"widget\" data-widget_type=\"text-editor.default\">\n\t\t\t\t<div class=\"elementor-widget-container\">\n\t\t\t\t\t\t\t\t\t<p><span class=\"a_GcMg font-feature-liga-off font-feature-clig-off font-feature-calt-off text-decoration-none text-strikethrough-none\">Il faut compter un maximum de 3 mois maximum apr\u00e8s le jour J pour recevoir le film dans sa version finale.<\/span><\/p>\t\t\t\t\t\t\t\t<\/div>\n\t\t\t\t<\/div>\n\t\t\t\t<div class=\"elementor-element elementor-element-e307881 elementor-widget elementor-widget-heading\" data-id=\"e307881\" data-element_type=\"widget\" data-e-type=\"widget\" data-widget_type=\"heading.default\">\n\t\t\t\t<div class=\"elementor-widget-container\">\n\t\t\t\t\t<h1 class=\"elementor-heading-title elementor-size-default\"><span style=\"--Ys-XuQ: none;font-weight: 700;font-style: normal\">Peut-on avoir les fichiers vid\u00e9o bruts ?<\/span><\/h1>\t\t\t\t<\/div>\n\t\t\t\t<\/div>\n\t\t\t\t<div class=\"elementor-element elementor-element-b557aff elementor-widget elementor-widget-text-editor\" data-id=\"b557aff\" data-element_type=\"widget\" data-e-type=\"widget\" data-widget_type=\"text-editor.default\">\n\t\t\t\t<div class=\"elementor-widget-container\">\n\t\t\t\t\t\t\t\t\t<p><span class=\"a_GcMg font-feature-liga-off font-feature-clig-off font-feature-calt-off text-decoration-none text-strikethrough-none\" style=\"color: rgba(0,0,0,var(--o42jjq,1)); caret-color: #000000; --ys-xuq: none; font-weight: 400; font-style: normal; font-kerning: none;\">Je ne transmets pas les fichiers vid\u00e9o bruts. Mes choix esth\u00e9tiques en terme de retouche font partie de mon identit\u00e9.<\/span><\/p>\t\t\t\t\t\t\t\t<\/div>\n\t\t\t\t<\/div>\n\t\t\t\t<div class=\"elementor-element elementor-element-9ba7697 elementor-widget elementor-widget-heading\" data-id=\"9ba7697\" data-element_type=\"widget\" data-e-type=\"widget\" data-widget_type=\"heading.default\">\n\t\t\t\t<div class=\"elementor-widget-container\">\n\t\t\t\t\t<h1 class=\"elementor-heading-title elementor-size-default\">Faites-vous \u00e9galement de la photo en plus de la vid\u00e9o ?<\/h1>\t\t\t\t<\/div>\n\t\t\t\t<\/div>\n\t\t\t\t<div class=\"elementor-element elementor-element-4094f71 elementor-widget elementor-widget-text-editor\" data-id=\"4094f71\" data-element_type=\"widget\" data-e-type=\"widget\" data-widget_type=\"text-editor.default\">\n\t\t\t\t<div class=\"elementor-widget-container\">\n\t\t\t\t\t\t\t\t\t<p>Non. Je suis vid\u00e9aste de mariage et non photographe. Je me concentre uniquement sur la vid\u00e9o. Faire de la photo en m\u00eame temps que la vid\u00e9o ne me permettrait pas d&rsquo;avoir le r\u00e9sultat attendu.<\/p>\t\t\t\t\t\t\t\t<\/div>\n\t\t\t\t<\/div>\n\t\t\t\t<div class=\"elementor-element elementor-element-dcbf3b0 elementor-widget elementor-widget-heading\" data-id=\"dcbf3b0\" data-element_type=\"widget\" data-e-type=\"widget\" data-widget_type=\"heading.default\">\n\t\t\t\t<div class=\"elementor-widget-container\">\n\t\t\t\t\t<h1 class=\"elementor-heading-title elementor-size-default\">Combien de temps sont conserv\u00e9 les rushs ?<\/h1>\t\t\t\t<\/div>\n\t\t\t\t<\/div>\n\t\t\t\t<div class=\"elementor-element elementor-element-4496542 elementor-widget elementor-widget-text-editor\" data-id=\"4496542\" data-element_type=\"widget\" data-e-type=\"widget\" data-widget_type=\"text-editor.default\">\n\t\t\t\t<div class=\"elementor-widget-container\">\n\t\t\t\t\t\t\t\t\t<p><span class=\"a_GcMg font-feature-liga-off font-feature-clig-off font-feature-calt-off text-decoration-none text-strikethrough-none\" style=\"color: rgba(0,0,0,var(--o42jjq,1)); caret-color: #000000; --ys-xuq: none; font-weight: 400; font-style: normal; font-kerning: none;\">Je conserve les fichiers vid\u00e9o 6 mois sur mes disques durs de sauvegarde, et la vid\u00e9o sur YouTube sans limite de temps.<\/span><\/p>\t\t\t\t\t\t\t\t<\/div>\n\t\t\t\t<\/div>\n\t\t\t\t<div class=\"elementor-element elementor-element-bbf83a5 elementor-widget elementor-widget-heading\" data-id=\"bbf83a5\" data-element_type=\"widget\" data-e-type=\"widget\" data-widget_type=\"heading.default\">\n\t\t\t\t<div class=\"elementor-widget-container\">\n\t\t\t\t\t<h1 class=\"elementor-heading-title elementor-size-default\">Possible de faire des heures suppl\u00e9mentaires ?<\/h1>\t\t\t\t<\/div>\n\t\t\t\t<\/div>\n\t\t\t\t<div class=\"elementor-element elementor-element-28ff36d elementor-widget elementor-widget-text-editor\" data-id=\"28ff36d\" data-element_type=\"widget\" data-e-type=\"widget\" data-widget_type=\"text-editor.default\">\n\t\t\t\t<div class=\"elementor-widget-container\">\n\t\t\t\t\t\t\t\t\t<p><span class=\"a_GcMg font-feature-liga-off font-feature-clig-off font-feature-calt-off text-decoration-none text-strikethrough-none\" style=\"color: rgba(0,0,0,var(--O42jJQ,1)); caret-color: rgb(0, 0, 0); --Ys-XuQ: none; font-weight: 400; font-style: normal; font-kerning: none;\">Si la formule choisi ne pr\u00e9sente finalement pas suffisamment d\u2019heures le jour J il est possible que je reste plus longtemps \u00e0 raison de 150\u20ac\/h suppl\u00e9mentaires \u00e0 partir de 1h du matin.<\/span><\/p>\t\t\t\t\t\t\t\t<\/div>\n\t\t\t\t<\/div>\n\t\t\t\t<div class=\"elementor-element elementor-element-bc5a4d5 elementor-widget elementor-widget-heading\" data-id=\"bc5a4d5\" data-element_type=\"widget\" data-e-type=\"widget\" data-widget_type=\"heading.default\">\n\t\t\t\t<div class=\"elementor-widget-container\">\n\t\t\t\t\t<h1 class=\"elementor-heading-title elementor-size-default\"><span class=\"a_GcMg font-feature-liga-off font-feature-clig-off font-feature-calt-off text-decoration-none text-strikethrough-none\" style=\"--Ys-XuQ: none;font-weight: 700;font-style: normal\">Combien de temps dure le film ?<\/span><\/h1>\t\t\t\t<\/div>\n\t\t\t\t<\/div>\n\t\t\t\t<div class=\"elementor-element elementor-element-e721a67 elementor-widget elementor-widget-text-editor\" data-id=\"e721a67\" data-element_type=\"widget\" data-e-type=\"widget\" data-widget_type=\"text-editor.default\">\n\t\t\t\t<div class=\"elementor-widget-container\">\n\t\t\t\t\t\t\t\t\t<p><span style=\"color: rgba(0,0,0,var(--o42jjq,1)); caret-color: #000000; --ys-xuq: none; font-weight: 400; font-style: normal; font-kerning: none;\">Cela d\u00e9pend de la formule choisie et donc du temps pass\u00e9 le jour J. Plus la journ\u00e9e est longue et plus il y aura du contenu \u00e0 montrer.<\/span><\/p>\t\t\t\t\t\t\t\t<\/div>\n\t\t\t\t<\/div>\n\t\t\t\t<div class=\"elementor-element elementor-element-a3480ee elementor-widget elementor-widget-heading\" data-id=\"a3480ee\" data-element_type=\"widget\" data-e-type=\"widget\" data-widget_type=\"heading.default\">\n\t\t\t\t<div class=\"elementor-widget-container\">\n\t\t\t\t\t<h1 class=\"elementor-heading-title elementor-size-default\"><span class=\"a_GcMg font-feature-liga-off font-feature-clig-off font-feature-calt-off text-decoration-none text-strikethrough-none\" style=\"--Ys-XuQ: none;font-weight: 700;font-style: normal\">Comment allons-nous recevoir le film ?<\/span><\/h1>\t\t\t\t<\/div>\n\t\t\t\t<\/div>\n\t\t\t\t<div class=\"elementor-element elementor-element-6ce9615 elementor-widget elementor-widget-text-editor\" data-id=\"6ce9615\" data-element_type=\"widget\" data-e-type=\"widget\" data-widget_type=\"text-editor.default\">\n\t\t\t\t<div class=\"elementor-widget-container\">\n\t\t\t\t\t\t\t\t\t<p><span class=\"a_GcMg font-feature-liga-off font-feature-clig-off font-feature-calt-off text-decoration-none text-strikethrough-none\" style=\"color: rgba(0,0,0,var(--o42jjq,1)); caret-color: #000000; --ys-xuq: none; font-weight: 400; font-style: normal; font-kerning: none;\">La livraison se fait dans un premier temps via un lien cloud Swisstransfer puis aussi par YouTube pour pouvoir partager \u00e0 la famille et ami.e.s plus facilement.<\/span><\/p>\t\t\t\t\t\t\t\t<\/div>\n\t\t\t\t<\/div>\n\t\t\t\t<div class=\"elementor-element elementor-element-7339af5 elementor-widget elementor-widget-heading\" data-id=\"7339af5\" data-element_type=\"widget\" data-e-type=\"widget\" data-widget_type=\"heading.default\">\n\t\t\t\t<div class=\"elementor-widget-container\">\n\t\t\t\t\t<h1 class=\"elementor-heading-title elementor-size-default\">Quel mat\u00e9riel utilisez-vous sur un mariage ?<\/h1>\t\t\t\t<\/div>\n\t\t\t\t<\/div>\n\t\t\t\t<div class=\"elementor-element elementor-element-8893e34 elementor-widget elementor-widget-text-editor\" data-id=\"8893e34\" data-element_type=\"widget\" data-e-type=\"widget\" data-widget_type=\"text-editor.default\">\n\t\t\t\t<div class=\"elementor-widget-container\">\n\t\t\t\t\t\t\t\t\t<p><span class=\"a_GcMg font-feature-liga-off font-feature-clig-off font-feature-calt-off text-decoration-none text-strikethrough-none\">C\u00f4t\u00e9 vid\u00e9o : J&rsquo;utilise comme cam\u00e9ra principale un Fujifilm X-T4 avec 2 objectifs principales, Tamron 17-70mm et un Fujinon XF 50-140mm.<br \/>Une cam\u00e9ra secondaire, Fujifilm X-T30II, pour des plans de coupe sur un stabilisateur DJI RS3 mini \u00e9quip\u00e9 de focales fixe 27mm et 35mm.<br \/><br \/>C\u00f4t\u00e9 son : J&rsquo;ai un micro directionnel Rode fix\u00e9 \u00e0 la cam\u00e9ra qui capture tous les sons ambiant, des invit\u00e9 pris sur le vif et un enregistreur ZOOM F3 pour enregistrer en haute qualit\u00e9 les discours tout au long de la journ\u00e9e qui est branch\u00e9 sur la console du DJ.<\/span><\/p>\t\t\t\t\t\t\t\t<\/div>\n\t\t\t\t<\/div>\n\t\t\t\t\t<\/div>\n\t\t\t\t<\/div>\n\t\t\t\t<\/div>\n\t\t","protected":false},"excerpt":{"rendered":"<p>Sous combien de temps re\u00e7evons-nous le film ? Il faut compter un maximum de 3 mois maximum apr\u00e8s le jour J pour recevoir le film dans sa version finale. Peut-on avoir les fichiers vid\u00e9o bruts ? Je ne transmets pas les fichiers vid\u00e9o bruts. Mes choix esth\u00e9tiques en terme de retouche font partie de mon [&hellip;]<\/p>\n","protected":false},"author":2,"featured_media":0,"parent":0,"menu_order":0,"comment_status":"closed","ping_status":"closed","template":"","meta":{"ocean_post_layout":"","ocean_both_sidebars_style":"","ocean_both_sidebars_content_width":0,"ocean_both_sidebars_sidebars_width":0,"ocean_sidebar":"","ocean_second_sidebar":"","ocean_disable_margins":"enable","ocean_add_body_class":"","ocean_shortcode_before_top_bar":"","ocean_shortcode_after_top_bar":"","ocean_shortcode_before_header":"","ocean_shortcode_after_header":"","ocean_has_shortcode":"","ocean_shortcode_after_title":"","ocean_shortcode_before_footer_widgets":"","ocean_shortcode_after_footer_widgets":"","ocean_shortcode_before_footer_bottom":"","ocean_shortcode_after_footer_bottom":"","ocean_display_top_bar":"default","ocean_display_header":"default","ocean_header_style":"","ocean_center_header_left_menu":"","ocean_custom_header_template":"","ocean_custom_logo":0,"ocean_custom_retina_logo":0,"ocean_custom_logo_max_width":0,"ocean_custom_logo_tablet_max_width":0,"ocean_custom_logo_mobile_max_width":0,"ocean_custom_logo_max_height":0,"ocean_custom_logo_tablet_max_height":0,"ocean_custom_logo_mobile_max_height":0,"ocean_header_custom_menu":"","ocean_menu_typo_font_family":"","ocean_menu_typo_font_subset":"","ocean_menu_typo_font_size":0,"ocean_menu_typo_font_size_tablet":0,"ocean_menu_typo_font_size_mobile":0,"ocean_menu_typo_font_size_unit":"px","ocean_menu_typo_font_weight":"","ocean_menu_typo_font_weight_tablet":"","ocean_menu_typo_font_weight_mobile":"","ocean_menu_typo_transform":"","ocean_menu_typo_transform_tablet":"","ocean_menu_typo_transform_mobile":"","ocean_menu_typo_line_height":0,"ocean_menu_typo_line_height_tablet":0,"ocean_menu_typo_line_height_mobile":0,"ocean_menu_typo_line_height_unit":"","ocean_menu_typo_spacing":0,"ocean_menu_typo_spacing_tablet":0,"ocean_menu_typo_spacing_mobile":0,"ocean_menu_typo_spacing_unit":"","ocean_menu_link_color":"","ocean_menu_link_color_hover":"","ocean_menu_link_color_active":"","ocean_menu_link_background":"","ocean_menu_link_hover_background":"","ocean_menu_link_active_background":"","ocean_menu_social_links_bg":"","ocean_menu_social_hover_links_bg":"","ocean_menu_social_links_color":"","ocean_menu_social_hover_links_color":"","ocean_disable_title":"default","ocean_disable_heading":"default","ocean_post_title":"","ocean_post_subheading":"","ocean_post_title_style":"","ocean_post_title_background_color":"","ocean_post_title_background":0,"ocean_post_title_bg_image_position":"","ocean_post_title_bg_image_attachment":"","ocean_post_title_bg_image_repeat":"","ocean_post_title_bg_image_size":"","ocean_post_title_height":0,"ocean_post_title_bg_overlay":0.5,"ocean_post_title_bg_overlay_color":"","ocean_disable_breadcrumbs":"default","ocean_breadcrumbs_color":"","ocean_breadcrumbs_separator_color":"","ocean_breadcrumbs_links_color":"","ocean_breadcrumbs_links_hover_color":"","ocean_display_footer_widgets":"default","ocean_display_footer_bottom":"default","ocean_custom_footer_template":"","footnotes":""},"class_list":["post-1958","page","type-page","status-publish","hentry","entry"],"yoast_head":"<!-- This site is optimized with the Yoast SEO plugin v27.2 - https:\/\/yoast.com\/product\/yoast-seo-wordpress\/ -->\n<title>Foire Aux Questions - Matt Martin \/\/ Vid\u00e9aste de mariage<\/title>\n<meta name=\"robots\" content=\"index, follow, max-snippet:-1, max-image-preview:large, max-video-preview:-1\" \/>\n<link rel=\"canonical\" href=\"https:\/\/mattmartin.fr\/index.php\/questions-frequentes\/\" \/>\n<meta property=\"og:locale\" content=\"fr_FR\" \/>\n<meta property=\"og:type\" content=\"article\" \/>\n<meta property=\"og:title\" content=\"Foire Aux Questions - Matt Martin \/\/ Vid\u00e9aste de mariage\" \/>\n<meta property=\"og:description\" content=\"Sous combien de temps re\u00e7evons-nous le film ? Il faut compter un maximum de 3 mois maximum apr\u00e8s le jour J pour recevoir le film dans sa version finale. Peut-on avoir les fichiers vid\u00e9o bruts ? Je ne transmets pas les fichiers vid\u00e9o bruts. Mes choix esth\u00e9tiques en terme de retouche font partie de mon [&hellip;]\" \/>\n<meta property=\"og:url\" content=\"https:\/\/mattmartin.fr\/index.php\/questions-frequentes\/\" \/>\n<meta property=\"og:site_name\" content=\"Matt Martin \/\/ Vid\u00e9aste de mariage\" \/>\n<meta property=\"article:modified_time\" content=\"2026-03-18T09:07:42+00:00\" \/>\n<meta name=\"twitter:card\" content=\"summary_large_image\" \/>\n<meta name=\"twitter:label1\" content=\"Dur\u00e9e de lecture estim\u00e9e\" \/>\n\t<meta name=\"twitter:data1\" content=\"2 minutes\" \/>\n<script type=\"application\/ld+json\" class=\"yoast-schema-graph\">{\"@context\":\"https:\/\/schema.org\",\"@graph\":[{\"@type\":\"WebPage\",\"@id\":\"https:\/\/mattmartin.fr\/index.php\/questions-frequentes\/\",\"url\":\"https:\/\/mattmartin.fr\/index.php\/questions-frequentes\/\",\"name\":\"Foire Aux Questions - Matt Martin \/\/ Vid\u00e9aste de mariage\",\"isPartOf\":{\"@id\":\"https:\/\/mattmartin.fr\/#website\"},\"datePublished\":\"2026-03-17T16:32:32+00:00\",\"dateModified\":\"2026-03-18T09:07:42+00:00\",\"breadcrumb\":{\"@id\":\"https:\/\/mattmartin.fr\/index.php\/questions-frequentes\/#breadcrumb\"},\"inLanguage\":\"fr-FR\",\"potentialAction\":[{\"@type\":\"ReadAction\",\"target\":[\"https:\/\/mattmartin.fr\/index.php\/questions-frequentes\/\"]}]},{\"@type\":\"BreadcrumbList\",\"@id\":\"https:\/\/mattmartin.fr\/index.php\/questions-frequentes\/#breadcrumb\",\"itemListElement\":[{\"@type\":\"ListItem\",\"position\":1,\"name\":\"Accueil\",\"item\":\"https:\/\/mattmartin.fr\/\"},{\"@type\":\"ListItem\",\"position\":2,\"name\":\"Foire Aux Questions\"}]},{\"@type\":\"WebSite\",\"@id\":\"https:\/\/mattmartin.fr\/#website\",\"url\":\"https:\/\/mattmartin.fr\/\",\"name\":\"Matt Martin \/\/ Vid\u00e9aste de mariage \u00e0 Brest\",\"description\":\"\",\"publisher\":{\"@id\":\"https:\/\/mattmartin.fr\/#\/schema\/person\/37f02af767cc876cb701e69a6c9f75b4\"},\"potentialAction\":[{\"@type\":\"SearchAction\",\"target\":{\"@type\":\"EntryPoint\",\"urlTemplate\":\"https:\/\/mattmartin.fr\/?s={search_term_string}\"},\"query-input\":{\"@type\":\"PropertyValueSpecification\",\"valueRequired\":true,\"valueName\":\"search_term_string\"}}],\"inLanguage\":\"fr-FR\"},{\"@type\":[\"Person\",\"Organization\"],\"@id\":\"https:\/\/mattmartin.fr\/#\/schema\/person\/37f02af767cc876cb701e69a6c9f75b4\",\"name\":\"Matt\",\"image\":{\"@type\":\"ImageObject\",\"inLanguage\":\"fr-FR\",\"@id\":\"https:\/\/mattmartin.fr\/wp-content\/uploads\/2019\/12\/cropped-cropped-1-1.png\",\"url\":\"https:\/\/mattmartin.fr\/wp-content\/uploads\/2019\/12\/cropped-cropped-1-1.png\",\"contentUrl\":\"https:\/\/mattmartin.fr\/wp-content\/uploads\/2019\/12\/cropped-cropped-1-1.png\",\"width\":3468,\"height\":660,\"caption\":\"Matt\"},\"logo\":{\"@id\":\"https:\/\/mattmartin.fr\/wp-content\/uploads\/2019\/12\/cropped-cropped-1-1.png\"},\"sameAs\":[\"http:\/\/www.mattmartin.fr\",\"www.instagram.com\/mattmartin_visual\"]}]}<\/script>\n<!-- \/ Yoast SEO plugin. -->","yoast_head_json":{"title":"Foire Aux Questions - Matt Martin \/\/ Vid\u00e9aste de mariage","robots":{"index":"index","follow":"follow","max-snippet":"max-snippet:-1","max-image-preview":"max-image-preview:large","max-video-preview":"max-video-preview:-1"},"canonical":"https:\/\/mattmartin.fr\/index.php\/questions-frequentes\/","og_locale":"fr_FR","og_type":"article","og_title":"Foire Aux Questions - Matt Martin \/\/ Vid\u00e9aste de mariage","og_description":"Sous combien de temps re\u00e7evons-nous le film ? Il faut compter un maximum de 3 mois maximum apr\u00e8s le jour J pour recevoir le film dans sa version finale. Peut-on avoir les fichiers vid\u00e9o bruts ? Je ne transmets pas les fichiers vid\u00e9o bruts. Mes choix esth\u00e9tiques en terme de retouche font partie de mon [&hellip;]","og_url":"https:\/\/mattmartin.fr\/index.php\/questions-frequentes\/","og_site_name":"Matt Martin \/\/ Vid\u00e9aste de mariage","article_modified_time":"2026-03-18T09:07:42+00:00","twitter_card":"summary_large_image","twitter_misc":{"Dur\u00e9e de lecture estim\u00e9e":"2 minutes"},"schema":{"@context":"https:\/\/schema.org","@graph":[{"@type":"WebPage","@id":"https:\/\/mattmartin.fr\/index.php\/questions-frequentes\/","url":"https:\/\/mattmartin.fr\/index.php\/questions-frequentes\/","name":"Foire Aux Questions - Matt Martin \/\/ Vid\u00e9aste de mariage","isPartOf":{"@id":"https:\/\/mattmartin.fr\/#website"},"datePublished":"2026-03-17T16:32:32+00:00","dateModified":"2026-03-18T09:07:42+00:00","breadcrumb":{"@id":"https:\/\/mattmartin.fr\/index.php\/questions-frequentes\/#breadcrumb"},"inLanguage":"fr-FR","potentialAction":[{"@type":"ReadAction","target":["https:\/\/mattmartin.fr\/index.php\/questions-frequentes\/"]}]},{"@type":"BreadcrumbList","@id":"https:\/\/mattmartin.fr\/index.php\/questions-frequentes\/#breadcrumb","itemListElement":[{"@type":"ListItem","position":1,"name":"Accueil","item":"https:\/\/mattmartin.fr\/"},{"@type":"ListItem","position":2,"name":"Foire Aux Questions"}]},{"@type":"WebSite","@id":"https:\/\/mattmartin.fr\/#website","url":"https:\/\/mattmartin.fr\/","name":"Matt Martin \/\/ Vid\u00e9aste de mariage \u00e0 Brest","description":"","publisher":{"@id":"https:\/\/mattmartin.fr\/#\/schema\/person\/37f02af767cc876cb701e69a6c9f75b4"},"potentialAction":[{"@type":"SearchAction","target":{"@type":"EntryPoint","urlTemplate":"https:\/\/mattmartin.fr\/?s={search_term_string}"},"query-input":{"@type":"PropertyValueSpecification","valueRequired":true,"valueName":"search_term_string"}}],"inLanguage":"fr-FR"},{"@type":["Person","Organization"],"@id":"https:\/\/mattmartin.fr\/#\/schema\/person\/37f02af767cc876cb701e69a6c9f75b4","name":"Matt","image":{"@type":"ImageObject","inLanguage":"fr-FR","@id":"https:\/\/mattmartin.fr\/wp-content\/uploads\/2019\/12\/cropped-cropped-1-1.png","url":"https:\/\/mattmartin.fr\/wp-content\/uploads\/2019\/12\/cropped-cropped-1-1.png","contentUrl":"https:\/\/mattmartin.fr\/wp-content\/uploads\/2019\/12\/cropped-cropped-1-1.png","width":3468,"height":660,"caption":"Matt"},"logo":{"@id":"https:\/\/mattmartin.fr\/wp-content\/uploads\/2019\/12\/cropped-cropped-1-1.png"},"sameAs":["http:\/\/www.mattmartin.fr","www.instagram.com\/mattmartin_visual"]}]}},"_links":{"self":[{"href":"https:\/\/mattmartin.fr\/index.php\/wp-json\/wp\/v2\/pages\/1958","targetHints":{"allow":["GET"]}}],"collection":[{"href":"https:\/\/mattmartin.fr\/index.php\/wp-json\/wp\/v2\/pages"}],"about":[{"href":"https:\/\/mattmartin.fr\/index.php\/wp-json\/wp\/v2\/types\/page"}],"author":[{"embeddable":true,"href":"https:\/\/mattmartin.fr\/index.php\/wp-json\/wp\/v2\/users\/2"}],"replies":[{"embeddable":true,"href":"https:\/\/mattmartin.fr\/index.php\/wp-json\/wp\/v2\/comments?post=1958"}],"version-history":[{"count":11,"href":"https:\/\/mattmartin.fr\/index.php\/wp-json\/wp\/v2\/pages\/1958\/revisions"}],"predecessor-version":[{"id":1975,"href":"https:\/\/mattmartin.fr\/index.php\/wp-json\/wp\/v2\/pages\/1958\/revisions\/1975"}],"wp:attachment":[{"href":"https:\/\/mattmartin.fr\/index.php\/wp-json\/wp\/v2\/media?parent=1958"}],"curies":[{"name":"wp","href":"https:\/\/api.w.org\/{rel}","templated":true}]}}