{"id":1571,"date":"2025-01-08T12:39:53","date_gmt":"2025-01-08T11:39:53","guid":{"rendered":"https:\/\/mattmartin.fr\/?page_id=1571"},"modified":"2026-04-28T21:04:54","modified_gmt":"2026-04-28T19:04:54","slug":"accueil","status":"publish","type":"page","link":"https:\/\/mattmartin.fr\/","title":{"rendered":"Accueil"},"content":{"rendered":"\t\t<div data-elementor-type=\"wp-page\" data-elementor-id=\"1571\" class=\"elementor elementor-1571\">\n\t\t\t\t<div class=\"elementor-element elementor-element-d65d544 e-con-full e-flex e-con e-parent\" data-id=\"d65d544\" data-element_type=\"container\" data-e-type=\"container\">\n\t\t\t\t<div class=\"elementor-element elementor-element-a74dd5b elementor-widget__width-inherit elementor-widget elementor-widget-html\" data-id=\"a74dd5b\" data-element_type=\"widget\" data-e-type=\"widget\" data-widget_type=\"html.default\">\n\t\t\t\t<div class=\"elementor-widget-container\">\n\t\t\t\t\t<div class=\"split-homepage\">\n\n<style>\n\/* RESET LOCAL (ne touche pas au reste du site) *\/\n.split-homepage * {\n  box-sizing: border-box;\n  margin: 0;\n  padding: 0;\n}\n\n\/* CONTAINER *\/\n.split-homepage {\n  @import url('ttps:\/\/fonts.googleapis.com\/css2?family=Montserrat:ital,wght@0,100;1,100&display=swap\" rel=\"stylesheet');\n  font-family: 'Montserrat', sans-serif;\n  height: 100vh;\n  min-height: 500px;\n  overflow: hidden;\n  position: relative;\n}\n\n\/* CURSEUR *\/\n.split-homepage .cursor {\n  position: fixed;\n  width: 10px; height: 10px;\n  background: #fff;\n  border-radius: 50%;\n  pointer-events: none;\n  z-index: 9999;\n  transform: translate(-50%, -50%);\n  transition: all 0.2s ease;\n  mix-blend-mode: difference;\n}\n.split-homepage .cursor.hovering {\n  width: 40px;\n  height: 40px;\n}\n\n\/* SPLIT *\/\n.split-homepage .split {\n  display: flex;\n  width: 100%;\n  height: 100%;\n}\n\n\/* PANELS *\/\n.split-homepage .panel {\n  flex: 1;\n  position: relative;\n  overflow: hidden;\n  transition: flex 0.6s cubic-bezier(0.77,0,0.175,1);\n}\n\n.split-homepage .split:hover .panel {\n  flex: 0.6;\n}\n.split-homepage .split:hover .panel:hover {\n  flex: 1.4;\n}\n\n\/* BACKGROUNDS *\/\n.split-homepage .panel-bg {\n  position: absolute;\n  inset: 0;\n  background-size: cover;\n  background-position: center;\n  transform: scale(1.05);\n  transition: 0.8s;\n  filter: brightness(0.45);\n}\n\n.split-homepage .panel:hover .panel-bg {\n  transform: scale(1);\n  filter: brightness(0.6);\n}\n\n\/* COULEURS *\/\n.split-homepage .panel-wedding .panel-bg {\n  background-image: url(\"https:\/\/mattmartin.fr\/wp-content\/uploads\/2026\/04\/MatBreHD-267-scaled.jpg\");\n  background-position: center 0%;\n}\n.split-homepage .panel-sport .panel-bg {\n  background-image:url(\"https:\/\/mattmartin.fr\/wp-content\/uploads\/2026\/04\/THE_LIBERTINES-23.jpg\");\n  \n}\n\n\/* CONTENU *\/\n.split-homepage .panel-content {\n  position: absolute;\n  bottom: 0;\n  padding: 3rem;\n  z-index: 2;\n}\n\n\/* TITRES *\/\n.split-homepage .panel-label {\n  font-size: clamp(2.5rem, 5vw, 4.5rem);\n  color: #fff;\n}\n\n.split-homepage .panel-sub {\n  color: rgba(255,255,255,0.6);\n  margin-top: 10px;\n  opacity: 0;\n  transform: translateY(10px);\n  transition: 0.4s;\n}\n\n.split-homepage .panel:hover .panel-sub {\n  opacity: 1;\n  transform: translateY(0);\n}\n\n\/* CTA *\/\n.split-homepage .panel-cta {\n  display: inline-block;\n  margin-top: 20px;\n  padding: 10px 20px;\n  border: 1px solid rgba(255,255,255,0.3);\n  color: #fff;\n  text-decoration: none;\n  font-size: 20px;\n  opacity: 0;\n  transform: translateY(10px);\n  transition: 0.4s;\n}\n\n.split-homepage .panel:hover .panel-cta {\n  opacity: 1;\n  transform: translateY(0);\n}\n\n\/* MOBILE *\/\n@media (max-width: 768px) {\n  .split-homepage .split {\n    flex-direction: column;\n  }\n}\n<\/style>\n\n<div class=\"cursor\"><\/div>\n\n<div class=\"split\">\n\n  <div class=\"panel panel-wedding\">\n    <div class=\"panel-bg\"><\/div>\n    <div class=\"panel-content\">\n      <div class=\"panel-label\">Wedding Film<\/div>\n      <div class=\"panel-sub\">Creating together - Memories to last a lifetime<\/div>\n      <a href=\"https:\/\/mattmartin.fr\/index.php\/wedding\/\" class=\"panel-cta\">D\u00e9couvrir \u2192<\/a>\n    <\/div>\n  <\/div>\n\n  <div class=\"panel panel-sport\">\n    <div class=\"panel-bg\"><\/div>\n    <div class=\"panel-content\">\n      <div class=\"panel-label\">Sport & Culture<\/div>\n      <div class=\"panel-sub\">Capturer l\u2019\u00e9nergie du moment<\/div>\n      <a href=\"https:\/\/mattmartin.fr\/index.php\/visual\/\" class=\"panel-cta\">D\u00e9couvrir \u2192<\/a>\n    <\/div>\n  <\/div>\n\n<\/div>\n\n<script>\n(function(){\n  const container = document.currentScript.closest('.split-homepage');\n  const cursor = container.querySelector('.cursor');\n\n  container.addEventListener('mousemove', e => {\n    cursor.style.left = e.clientX + 'px';\n    cursor.style.top = e.clientY + 'px';\n  });\n\n  container.querySelectorAll('a, .panel').forEach(el => {\n    el.addEventListener('mouseenter', () => cursor.classList.add('hovering'));\n    el.addEventListener('mouseleave', () => cursor.classList.remove('hovering'));\n  });\n})();\n<\/script>\n\n<\/div>\t\t\t\t<\/div>\n\t\t\t\t<\/div>\n\t\t\t\t<\/div>\n\t\t\t\t<\/div>\n\t\t","protected":false},"excerpt":{"rendered":"<p>Wedding Film Creating together &#8211; Memories to last a lifetime D\u00e9couvrir \u2192 Sport &#038; Culture Capturer l\u2019\u00e9nergie du moment D\u00e9couvrir \u2192<\/p>\n","protected":false},"author":2,"featured_media":0,"parent":0,"menu_order":0,"comment_status":"closed","ping_status":"closed","template":"elementor_header_footer","meta":{"ocean_post_layout":"","ocean_both_sidebars_style":"","ocean_both_sidebars_content_width":0,"ocean_both_sidebars_sidebars_width":0,"ocean_sidebar":"","ocean_second_sidebar":"","ocean_disable_margins":"enable","ocean_add_body_class":"","ocean_shortcode_before_top_bar":"","ocean_shortcode_after_top_bar":"","ocean_shortcode_before_header":"","ocean_shortcode_after_header":"","ocean_has_shortcode":"","ocean_shortcode_after_title":"","ocean_shortcode_before_footer_widgets":"","ocean_shortcode_after_footer_widgets":"","ocean_shortcode_before_footer_bottom":"","ocean_shortcode_after_footer_bottom":"","ocean_display_top_bar":"off","ocean_display_header":"default","ocean_header_style":"","ocean_center_header_left_menu":"","ocean_custom_header_template":"","ocean_custom_logo":0,"ocean_custom_retina_logo":0,"ocean_custom_logo_max_width":0,"ocean_custom_logo_tablet_max_width":0,"ocean_custom_logo_mobile_max_width":0,"ocean_custom_logo_max_height":0,"ocean_custom_logo_tablet_max_height":0,"ocean_custom_logo_mobile_max_height":0,"ocean_header_custom_menu":"","ocean_menu_typo_font_family":"","ocean_menu_typo_font_subset":"","ocean_menu_typo_font_size":0,"ocean_menu_typo_font_size_tablet":0,"ocean_menu_typo_font_size_mobile":0,"ocean_menu_typo_font_size_unit":"px","ocean_menu_typo_font_weight":"","ocean_menu_typo_font_weight_tablet":"","ocean_menu_typo_font_weight_mobile":"","ocean_menu_typo_transform":"","ocean_menu_typo_transform_tablet":"","ocean_menu_typo_transform_mobile":"","ocean_menu_typo_line_height":0,"ocean_menu_typo_line_height_tablet":0,"ocean_menu_typo_line_height_mobile":0,"ocean_menu_typo_line_height_unit":"","ocean_menu_typo_spacing":0,"ocean_menu_typo_spacing_tablet":0,"ocean_menu_typo_spacing_mobile":0,"ocean_menu_typo_spacing_unit":"","ocean_menu_link_color":"","ocean_menu_link_color_hover":"","ocean_menu_link_color_active":"","ocean_menu_link_background":"","ocean_menu_link_hover_background":"","ocean_menu_link_active_background":"","ocean_menu_social_links_bg":"","ocean_menu_social_hover_links_bg":"","ocean_menu_social_links_color":"","ocean_menu_social_hover_links_color":"","ocean_disable_title":"on","ocean_disable_heading":"default","ocean_post_title":"","ocean_post_subheading":"","ocean_post_title_style":"","ocean_post_title_background_color":"","ocean_post_title_background":0,"ocean_post_title_bg_image_position":"","ocean_post_title_bg_image_attachment":"","ocean_post_title_bg_image_repeat":"","ocean_post_title_bg_image_size":"","ocean_post_title_height":0,"ocean_post_title_bg_overlay":0.5,"ocean_post_title_bg_overlay_color":"","ocean_disable_breadcrumbs":"default","ocean_breadcrumbs_color":"","ocean_breadcrumbs_separator_color":"","ocean_breadcrumbs_links_color":"","ocean_breadcrumbs_links_hover_color":"","ocean_display_footer_widgets":"off","ocean_display_footer_bottom":"off","ocean_custom_footer_template":"","footnotes":""},"class_list":["post-1571","page","type-page","status-publish","hentry","entry"],"yoast_head":"<!-- This site is optimized with the Yoast SEO plugin v27.2 - https:\/\/yoast.com\/product\/yoast-seo-wordpress\/ -->\n<title>Matt Martin \/\/ Events videographer<\/title>\n<meta name=\"description\" content=\"Vid\u00e9aste de mariage et autre \u00e9venements sur la r\u00e9gion Bretagne. Laissez-vous transporter par un film de qualit\u00e9 \u00e0 votre image. Contactez-moi.\" \/>\n<meta name=\"robots\" content=\"index, follow, max-snippet:-1, max-image-preview:large, max-video-preview:-1\" \/>\n<link rel=\"canonical\" href=\"https:\/\/mattmartin.fr\/\" \/>\n<meta property=\"og:locale\" content=\"fr_FR\" \/>\n<meta property=\"og:type\" content=\"article\" \/>\n<meta property=\"og:title\" content=\"Matt Martin \/\/ Events videographer\" \/>\n<meta property=\"og:description\" content=\"Vid\u00e9aste de mariage et autre \u00e9venements sur la r\u00e9gion Bretagne. Laissez-vous transporter par un film de qualit\u00e9 \u00e0 votre image. Contactez-moi.\" \/>\n<meta property=\"og:url\" content=\"https:\/\/mattmartin.fr\/\" \/>\n<meta property=\"og:site_name\" content=\"Matt Martin \/\/ Photograhe &amp; vid\u00e9aste d&#039;\u00e9v\u00e9nements\" \/>\n<meta property=\"article:modified_time\" content=\"2026-04-28T19:04:54+00:00\" \/>\n<meta name=\"twitter:card\" content=\"summary_large_image\" \/>\n<meta name=\"twitter:label1\" content=\"Dur\u00e9e de lecture estim\u00e9e\" \/>\n\t<meta name=\"twitter:data1\" content=\"1 minute\" \/>\n<script type=\"application\/ld+json\" class=\"yoast-schema-graph\">{\"@context\":\"https:\/\/schema.org\",\"@graph\":[{\"@type\":\"WebPage\",\"@id\":\"https:\/\/mattmartin.fr\/\",\"url\":\"https:\/\/mattmartin.fr\/\",\"name\":\"Matt Martin \/\/ Events videographer\",\"isPartOf\":{\"@id\":\"https:\/\/mattmartin.fr\/#website\"},\"datePublished\":\"2025-01-08T11:39:53+00:00\",\"dateModified\":\"2026-04-28T19:04:54+00:00\",\"description\":\"Vid\u00e9aste de mariage et autre \u00e9venements sur la r\u00e9gion Bretagne. Laissez-vous transporter par un film de qualit\u00e9 \u00e0 votre image. Contactez-moi.\",\"breadcrumb\":{\"@id\":\"https:\/\/mattmartin.fr\/#breadcrumb\"},\"inLanguage\":\"fr-FR\",\"potentialAction\":[{\"@type\":\"ReadAction\",\"target\":[\"https:\/\/mattmartin.fr\/\"]}]},{\"@type\":\"BreadcrumbList\",\"@id\":\"https:\/\/mattmartin.fr\/#breadcrumb\",\"itemListElement\":[{\"@type\":\"ListItem\",\"position\":1,\"name\":\"Accueil\",\"item\":\"https:\/\/mattmartin.fr\/\"},{\"@type\":\"ListItem\",\"position\":2,\"name\":\"Accueil\"}]},{\"@type\":\"WebSite\",\"@id\":\"https:\/\/mattmartin.fr\/#website\",\"url\":\"https:\/\/mattmartin.fr\/\",\"name\":\"Matt Martin \/\/ Vid\u00e9aste de mariage \u00e0 Brest\",\"description\":\"\",\"publisher\":{\"@id\":\"https:\/\/mattmartin.fr\/#\/schema\/person\/37f02af767cc876cb701e69a6c9f75b4\"},\"potentialAction\":[{\"@type\":\"SearchAction\",\"target\":{\"@type\":\"EntryPoint\",\"urlTemplate\":\"https:\/\/mattmartin.fr\/?s={search_term_string}\"},\"query-input\":{\"@type\":\"PropertyValueSpecification\",\"valueRequired\":true,\"valueName\":\"search_term_string\"}}],\"inLanguage\":\"fr-FR\"},{\"@type\":[\"Person\",\"Organization\"],\"@id\":\"https:\/\/mattmartin.fr\/#\/schema\/person\/37f02af767cc876cb701e69a6c9f75b4\",\"name\":\"Matt\",\"image\":{\"@type\":\"ImageObject\",\"inLanguage\":\"fr-FR\",\"@id\":\"https:\/\/mattmartin.fr\/wp-content\/uploads\/2025\/01\/cropped-2-e1736184797799.png\",\"url\":\"https:\/\/mattmartin.fr\/wp-content\/uploads\/2025\/01\/cropped-2-e1736184797799.png\",\"contentUrl\":\"https:\/\/mattmartin.fr\/wp-content\/uploads\/2025\/01\/cropped-2-e1736184797799.png\",\"width\":2093,\"height\":426,\"caption\":\"Matt\"},\"logo\":{\"@id\":\"https:\/\/mattmartin.fr\/wp-content\/uploads\/2025\/01\/cropped-2-e1736184797799.png\"},\"sameAs\":[\"http:\/\/www.mattmartin.fr\",\"www.instagram.com\/mattmartin_visual\"]}]}<\/script>\n<!-- \/ Yoast SEO plugin. -->","yoast_head_json":{"title":"Matt Martin \/\/ Events videographer","description":"Vid\u00e9aste de mariage et autre \u00e9venements sur la r\u00e9gion Bretagne. Laissez-vous transporter par un film de qualit\u00e9 \u00e0 votre image. Contactez-moi.","robots":{"index":"index","follow":"follow","max-snippet":"max-snippet:-1","max-image-preview":"max-image-preview:large","max-video-preview":"max-video-preview:-1"},"canonical":"https:\/\/mattmartin.fr\/","og_locale":"fr_FR","og_type":"article","og_title":"Matt Martin \/\/ Events videographer","og_description":"Vid\u00e9aste de mariage et autre \u00e9venements sur la r\u00e9gion Bretagne. Laissez-vous transporter par un film de qualit\u00e9 \u00e0 votre image. Contactez-moi.","og_url":"https:\/\/mattmartin.fr\/","og_site_name":"Matt Martin \/\/ Photograhe &amp; vid\u00e9aste d&#039;\u00e9v\u00e9nements","article_modified_time":"2026-04-28T19:04:54+00:00","twitter_card":"summary_large_image","twitter_misc":{"Dur\u00e9e de lecture estim\u00e9e":"1 minute"},"schema":{"@context":"https:\/\/schema.org","@graph":[{"@type":"WebPage","@id":"https:\/\/mattmartin.fr\/","url":"https:\/\/mattmartin.fr\/","name":"Matt Martin \/\/ Events videographer","isPartOf":{"@id":"https:\/\/mattmartin.fr\/#website"},"datePublished":"2025-01-08T11:39:53+00:00","dateModified":"2026-04-28T19:04:54+00:00","description":"Vid\u00e9aste de mariage et autre \u00e9venements sur la r\u00e9gion Bretagne. Laissez-vous transporter par un film de qualit\u00e9 \u00e0 votre image. Contactez-moi.","breadcrumb":{"@id":"https:\/\/mattmartin.fr\/#breadcrumb"},"inLanguage":"fr-FR","potentialAction":[{"@type":"ReadAction","target":["https:\/\/mattmartin.fr\/"]}]},{"@type":"BreadcrumbList","@id":"https:\/\/mattmartin.fr\/#breadcrumb","itemListElement":[{"@type":"ListItem","position":1,"name":"Accueil","item":"https:\/\/mattmartin.fr\/"},{"@type":"ListItem","position":2,"name":"Accueil"}]},{"@type":"WebSite","@id":"https:\/\/mattmartin.fr\/#website","url":"https:\/\/mattmartin.fr\/","name":"Matt Martin \/\/ Vid\u00e9aste de mariage \u00e0 Brest","description":"","publisher":{"@id":"https:\/\/mattmartin.fr\/#\/schema\/person\/37f02af767cc876cb701e69a6c9f75b4"},"potentialAction":[{"@type":"SearchAction","target":{"@type":"EntryPoint","urlTemplate":"https:\/\/mattmartin.fr\/?s={search_term_string}"},"query-input":{"@type":"PropertyValueSpecification","valueRequired":true,"valueName":"search_term_string"}}],"inLanguage":"fr-FR"},{"@type":["Person","Organization"],"@id":"https:\/\/mattmartin.fr\/#\/schema\/person\/37f02af767cc876cb701e69a6c9f75b4","name":"Matt","image":{"@type":"ImageObject","inLanguage":"fr-FR","@id":"https:\/\/mattmartin.fr\/wp-content\/uploads\/2025\/01\/cropped-2-e1736184797799.png","url":"https:\/\/mattmartin.fr\/wp-content\/uploads\/2025\/01\/cropped-2-e1736184797799.png","contentUrl":"https:\/\/mattmartin.fr\/wp-content\/uploads\/2025\/01\/cropped-2-e1736184797799.png","width":2093,"height":426,"caption":"Matt"},"logo":{"@id":"https:\/\/mattmartin.fr\/wp-content\/uploads\/2025\/01\/cropped-2-e1736184797799.png"},"sameAs":["http:\/\/www.mattmartin.fr","www.instagram.com\/mattmartin_visual"]}]}},"_links":{"self":[{"href":"https:\/\/mattmartin.fr\/index.php\/wp-json\/wp\/v2\/pages\/1571","targetHints":{"allow":["GET"]}}],"collection":[{"href":"https:\/\/mattmartin.fr\/index.php\/wp-json\/wp\/v2\/pages"}],"about":[{"href":"https:\/\/mattmartin.fr\/index.php\/wp-json\/wp\/v2\/types\/page"}],"author":[{"embeddable":true,"href":"https:\/\/mattmartin.fr\/index.php\/wp-json\/wp\/v2\/users\/2"}],"replies":[{"embeddable":true,"href":"https:\/\/mattmartin.fr\/index.php\/wp-json\/wp\/v2\/comments?post=1571"}],"version-history":[{"count":335,"href":"https:\/\/mattmartin.fr\/index.php\/wp-json\/wp\/v2\/pages\/1571\/revisions"}],"predecessor-version":[{"id":2095,"href":"https:\/\/mattmartin.fr\/index.php\/wp-json\/wp\/v2\/pages\/1571\/revisions\/2095"}],"wp:attachment":[{"href":"https:\/\/mattmartin.fr\/index.php\/wp-json\/wp\/v2\/media?parent=1571"}],"curies":[{"name":"wp","href":"https:\/\/api.w.org\/{rel}","templated":true}]}}